{"id":1943,"date":"2025-07-30T19:38:07","date_gmt":"2025-07-30T17:38:07","guid":{"rendered":"https:\/\/bucht-der-traeumer.de\/?page_id=1943"},"modified":"2025-10-30T14:48:27","modified_gmt":"2025-10-30T13:48:27","slug":"no-photo-policy","status":"publish","type":"page","link":"https:\/\/bucht-der-traeumer.de\/en\/no-photo-policy\/","title":{"rendered":"(No) Photo Policy"},"content":{"rendered":"<h2 class=\"wp-block-heading has-text-align-center eplus-wrapper\"><mark style=\"background-color:rgba(0, 0, 0, 0)\" class=\"has-inline-color has-accent-2-color\">(NO) Photo Policy<\/mark><\/h2>\n\n\n\n<p class=\"has-text-align-center eplus-wrapper wp-block-paragraph\">The relentless livestreaming of our rave culture has been on the rise since COVID. More and more, our free time\u2014whether we want it or not\u2014becomes a stage for social media. We see this as a problem. That\u2019s why our rule is: No photos or videos on the dancefloors! No one should have to argue about this while partying. Please respect the boundaries of those around you!<\/p>\n\n\n\n<p class=\"has-text-align-center eplus-wrapper wp-block-paragraph\">If you want to take a photo with your loved ones away from the dancefloors, that\u2019s a different story. But even then, please stay mindful of your surroundings.<\/p>\n\n\n\n<p class=\"has-text-align-center eplus-wrapper wp-block-paragraph\">Damit trotzdem ein paar Momente des Festivals festgehalten werden k\u00f6nnen, haben wir ein Team von raverfahrenen Fotok\u00fcnstler*innen mit dabei. Es sind Personen, die wir f\u00fcr ihren sensiblen Umgang mit Feiernden sch\u00e4tzen \u2013 sie sind als Festival-Fotograf*innen klar zu erkennen und dazu angehalten, nicht einzelne Personen zu fotografieren. Nach dem Festival wird es wie im letzten Jahr einen kleinen Foto-R\u00fcckblick im Newsletter und auf unserer Webseite geben.<\/p>\n\n\n\n<p class=\"has-text-align-center eplus-wrapper wp-block-paragraph\">One more clear statement: Professional photography and any filming are strictly prohibited! This also applies to artists: no external photographers, and photos on stage are only allowed with prior agreement with our photo team (<a href=\"mailto:foto@bucht-der-traeumer.de\">foto@bucht-der-traeumer.de<\/a>).&nbsp;<\/p>\n\n\n\n<p class=\"has-text-align-center eplus-wrapper wp-block-paragraph\">By purchasing a ticket and entering the festival grounds, you agree to the use of any resulting image material by us!<\/p>","protected":false},"excerpt":{"rendered":"<p>(NO) Photo Policy Das gnadenlose Livestreaming unserer Ravekultur hat seit Corona unaufhaltsam zugenommen. Und auch unsere Freizeit wird gewollt und ungewollt immer mehr zur B\u00fchne f\u00fcr Soziale Medien. Wir finden diese Entwicklung problematisch. Deswegen gilt: Keine Fotos &amp; Videos auf den Dancefloors! Niemand sollte beim Feiern dazu gen\u00f6tigt werden, dar\u00fcber diskutieren zu m\u00fcssen. Also bitte [&hellip;]<\/p>\n","protected":false},"author":259213376,"featured_media":0,"parent":0,"menu_order":0,"comment_status":"closed","ping_status":"closed","template":"","meta":{"_eb_attr":"","_crdt_document":"","editor_plus_copied_stylings":"{}","advanced_seo_description":"","jetpack_seo_html_title":"","jetpack_seo_noindex":false,"footnotes":""},"class_list":["post-1943","page","type-page","status-publish","hentry"],"jetpack_likes_enabled":true,"jetpack_sharing_enabled":true,"jetpack_shortlink":"https:\/\/wp.me\/PgeXh0-vl","jetpack-related-posts":[],"_links":{"self":[{"href":"https:\/\/bucht-der-traeumer.de\/en\/wp-json\/wp\/v2\/pages\/1943","targetHints":{"allow":["GET"]}}],"collection":[{"href":"https:\/\/bucht-der-traeumer.de\/en\/wp-json\/wp\/v2\/pages"}],"about":[{"href":"https:\/\/bucht-der-traeumer.de\/en\/wp-json\/wp\/v2\/types\/page"}],"author":[{"embeddable":true,"href":"https:\/\/bucht-der-traeumer.de\/en\/wp-json\/wp\/v2\/users\/259213376"}],"replies":[{"embeddable":true,"href":"https:\/\/bucht-der-traeumer.de\/en\/wp-json\/wp\/v2\/comments?post=1943"}],"version-history":[{"count":5,"href":"https:\/\/bucht-der-traeumer.de\/en\/wp-json\/wp\/v2\/pages\/1943\/revisions"}],"predecessor-version":[{"id":3415,"href":"https:\/\/bucht-der-traeumer.de\/en\/wp-json\/wp\/v2\/pages\/1943\/revisions\/3415"}],"wp:attachment":[{"href":"https:\/\/bucht-der-traeumer.de\/en\/wp-json\/wp\/v2\/media?parent=1943"}],"curies":[{"name":"wp","href":"https:\/\/api.w.org\/{rel}","templated":true}]}}