{"id":1968,"date":"2025-08-11T10:25:22","date_gmt":"2025-08-11T08:25:22","guid":{"rendered":"https:\/\/bucht-der-traeumer.de\/?page_id=1968"},"modified":"2025-10-30T14:48:43","modified_gmt":"2025-10-30T13:48:43","slug":"inklusion","status":"publish","type":"page","link":"https:\/\/bucht-der-traeumer.de\/en\/inklusion\/","title":{"rendered":"Inclusion"},"content":{"rendered":"<h2 class=\"wp-block-heading has-text-align-center eplus-wrapper\"><mark style=\"background-color:rgba(0, 0, 0, 0)\" class=\"has-inline-color has-accent-2-color\">Inclusion<\/mark><\/h2>\n\n\n\n<p class=\"eplus-wrapper has-text-align-center wp-block-paragraph\">Music connects, creates shared experiences and offers space for development. Unfortunately, we have to admit that we cannot yet be inclusive for everyone. However, it is very important to us that we continue to develop and become more inclusive step by step.<\/p>\n\n\n\n<p class=\"eplus-wrapper has-text-align-center wp-block-paragraph\">Here we provide you with an overview of the measures already in place. We would also like to encourage you to contact us if you require support on site. We will be happy to do our best to make your festival visit as accessible as possible.&nbsp;<\/p>\n\n\n\n<p class=\"eplus-wrapper has-text-align-center wp-block-paragraph\">Please contact us in advance by email and we will get in touch with you directly:<\/p>\n\n\n\n<p class=\"eplus-wrapper has-text-align-center wp-block-paragraph\"><a href=\"mailto:inklusion@bucht-der-traeumer.de\"><strong>inklusion@bucht-der-traeumer.de<\/strong><\/a><\/p>\n\n\n\n<p class=\"eplus-wrapper wp-block-paragraph\"><\/p>\n\n\n\n<h2 class=\"eplus-wrapper wp-block-heading has-text-align-center has-large-font-size\"><strong><mark style=\"background-color:rgba(0, 0, 0, 0)\" class=\"has-inline-color has-base-color\">Inclusion &amp; Arrival<\/mark><\/strong><\/h2>\n\n\n\n<p class=\"eplus-wrapper has-text-align-center wp-block-paragraph\">If you are travelling by car, we will be happy to reserve a parking space for you directly at the entrance. Please let us know if you would like to use this car park.<\/p>\n\n\n\n<p class=\"eplus-wrapper wp-block-paragraph\"><\/p>\n\n\n\n<h2 class=\"eplus-wrapper wp-block-heading has-text-align-center has-large-font-size\"><strong><mark style=\"background-color:rgba(0, 0, 0, 0)\" class=\"has-inline-color has-base-color\">Sanitary facilities<\/mark><\/strong><\/h2>\n\n\n\n<p class=\"eplus-wrapper has-text-align-center wp-block-paragraph\">At the Camping Ground \"Karpfen\", you'll find wheelchair-accessible toilets and showers located between the Livestage Seeblick and Mirage. We will publish the exact locations of the accessible sanitary facilities shortly before the festival. We are continually working to expand these amenities.<\/p>\n\n\n\n<p class=\"eplus-wrapper has-text-align-justify wp-block-paragraph\"><\/p>\n\n\n\n<h2 class=\"eplus-wrapper wp-block-heading has-text-align-center has-large-font-size\"><strong><mark style=\"background-color:rgba(0, 0, 0, 0)\" class=\"has-inline-color has-base-color\">Inclusion &amp; Shower<\/mark><\/strong><\/h2>\n\n\n\n<p class=\"eplus-wrapper has-text-align-center wp-block-paragraph\">Unfortunately, we do not have any shower wheelchairs available. We also do not have a lift for transferring into a shower wheelchair. Our Awareness Team will be happy to support you if you need help. You will find the Awareness Team right next to the Cashless Point.<\/p>\n\n\n\n<p class=\"eplus-wrapper wp-block-paragraph\"><\/p>\n\n\n\n<h2 class=\"eplus-wrapper wp-block-heading has-text-align-center has-large-font-size\"><strong><mark style=\"background-color:rgba(0, 0, 0, 0)\" class=\"has-inline-color has-base-color\">Store medication in a cool place<\/mark><\/strong><\/h2>\n\n\n\n<p class=\"eplus-wrapper has-text-align-center wp-block-paragraph\">You are welcome to store your medication in a cool place at our Infopoint. Just get in touch with us before via: <a href=\"mailto:inklusion@bucht-der-traeumer.de\"><strong>inklusion@bucht-der-traeumer.de<\/strong><\/a><\/p>\n\n\n\n<p class=\"eplus-wrapper wp-block-paragraph\"><\/p>\n\n\n\n<h2 class=\"eplus-wrapper wp-block-heading has-text-align-center has-large-font-size\"><strong><mark style=\"background-color:rgba(0, 0, 0, 0)\" class=\"has-inline-color has-base-color\">Medical assistants<\/mark><\/strong><\/h2>\n\n\n\n<p class=\"eplus-wrapper has-text-align-center wp-block-paragraph\">You can find our medics behind the live stage \u2013 see the map. In an emergency, you can reach the medics through our staff, such as those at the bars, stage managers, technicians, or the Awareness Team.<\/p>\n\n\n\n<p class=\"eplus-wrapper wp-block-paragraph\"><\/p>\n\n\n\n<h2 class=\"eplus-wrapper wp-block-heading has-text-align-center has-large-font-size\"><strong><mark style=\"background-color:rgba(0, 0, 0, 0)\" class=\"has-inline-color has-base-color\">Inclusion &amp; Awareness Team<\/mark><\/strong><\/h2>\n\n\n\n<p class=\"eplus-wrapper has-text-align-center wp-block-paragraph translation-block\">If you don't feel well during the festival, please come to the Awareness Team. If someone treats you poorly, please come to the Awareness Team. The Awareness Team is there for you and believes you. We are on your side. You can recognize the Awareness Team by their <strong><mark style=\"background-color:rgba(0, 0, 0, 0)\" class=\"has-inline-color has-accent-1-color\">pink vests with \"reflect.awareness\" printed on them<\/mark><\/strong>. Alternatively, you can reach the Awareness Team through our staff at the bars, with the stage managers, and via any person with a walkie-talkie.<\/p>\n\n\n\n<p class=\"eplus-wrapper has-text-align-center wp-block-paragraph\">There is also an Awareness Hotline with the number: <\/p>\n\n\n\n<p class=\"eplus-wrapper has-text-align-center wp-block-paragraph\"><mark style=\"background-color:rgba(0, 0, 0, 0)\" class=\"has-inline-color has-accent-1-color\"><strong>+49 152 59360880<\/strong><\/mark><\/p>\n\n\n\n<figure class=\"eplus-wrapper wp-block-image aligncenter is-resized\"><img decoding=\"async\" src=\"https:\/\/lh7-rt.googleusercontent.com\/docsz\/AD_4nXcMQAvvawCZFRRUji6ahSQAJSpYybGvQ7BUedUebR_MPhYAWNCOOVqOrsFyLD4VFDKkCsZrHFCa9-o0H4IwVe_qs9jO6Z4nbIwrxgBeXzufyTU4eN5lfsKYtqKVL3lLgo8pPpyIYw?key=vROt1xiSah3hC-B3Dbuekg\" alt=\"\" style=\"width:281px;height:auto\"\/><\/figure>\n\n\n\n<p class=\"eplus-wrapper wp-block-paragraph\"><\/p>\n\n\n\n<h2 class=\"eplus-wrapper wp-block-heading has-text-align-center has-large-font-size\"><strong><mark style=\"background-color:rgba(0, 0, 0, 0)\" class=\"has-inline-color has-base-color\">Water points<\/mark><\/strong><\/h2>\n\n\n\n<p class=\"eplus-wrapper has-text-align-center wp-block-paragraph\">You will find drinking water points throughout our site. You can fill up your bottle at the drinking water points. In addition, the water at all sanitary facilities is drinking water. Stay hydrated.<\/p>\n\n\n\n<p class=\"eplus-wrapper wp-block-paragraph\"><\/p>\n\n\n\n<h2 class=\"eplus-wrapper wp-block-heading has-text-align-center has-large-font-size\"><strong><mark style=\"background-color:rgba(0, 0, 0, 0)\" class=\"has-inline-color has-base-color\">Paths<\/mark><\/strong><\/h2>\n\n\n\n<p class=\"eplus-wrapper has-text-align-center wp-block-paragraph\">The main paths on the festival site are tarmac. However, roots are already coming through the ground in many places, which is why the ground is very uneven. The remaining part of our festival site is mainly forest ground, which is very sandy. These may be difficult to access with a wheelchair.<\/p>\n\n\n\n<p class=\"eplus-wrapper wp-block-paragraph\"><\/p>\n\n\n\n<h2 class=\"eplus-wrapper wp-block-heading has-text-align-center has-large-font-size\"><strong><mark style=\"background-color:rgba(0, 0, 0, 0)\" class=\"has-inline-color has-base-color\">Questions &amp; Feedback<\/mark><\/strong><\/h2>\n\n\n\n<p class=\"eplus-wrapper has-text-align-center wp-block-paragraph\">We do not have our own inclusion team on site. Please contact us in advance if you have any special needs or questions so that we can be as prepared as possible for your visit. Please give us feedback on what we can do better.<\/p>\n\n\n\n<p class=\"eplus-wrapper has-text-align-center wp-block-paragraph\"><a href=\"mailto:inklusion@bucht-der-traeumer.de\">inklusion@bucht-der-traeumer.de<\/a><\/p>\n\n\n\n<p class=\"eplus-wrapper wp-block-paragraph\"><\/p>","protected":false},"excerpt":{"rendered":"<p>INKLUSION Musik verbindet, schafft gemeinsame Erlebnisse und bietet Raum f\u00fcr Entfaltung. Es ist uns ein gro\u00dfes Anliegen, uns stets weiterzuentwickeln und Schritt f\u00fcr Schritt inklusiver zu werden. Momentan haben wir da noch einen langen Weg vor uns und sind nicht inklusiv f\u00fcr alle. Hier geben wir euch einen \u00dcberblick \u00fcber die bereits bestehenden Ma\u00dfnahmen. Zudem [&hellip;]<\/p>\n","protected":false},"author":259213376,"featured_media":0,"parent":0,"menu_order":0,"comment_status":"closed","ping_status":"closed","template":"","meta":{"_eb_attr":"","_crdt_document":"","editor_plus_copied_stylings":"{}","advanced_seo_description":"","jetpack_seo_html_title":"","jetpack_seo_noindex":false,"footnotes":""},"class_list":["post-1968","page","type-page","status-publish","hentry"],"jetpack_likes_enabled":true,"jetpack_sharing_enabled":true,"jetpack_shortlink":"https:\/\/wp.me\/PgeXh0-vK","jetpack-related-posts":[],"_links":{"self":[{"href":"https:\/\/bucht-der-traeumer.de\/en\/wp-json\/wp\/v2\/pages\/1968","targetHints":{"allow":["GET"]}}],"collection":[{"href":"https:\/\/bucht-der-traeumer.de\/en\/wp-json\/wp\/v2\/pages"}],"about":[{"href":"https:\/\/bucht-der-traeumer.de\/en\/wp-json\/wp\/v2\/types\/page"}],"author":[{"embeddable":true,"href":"https:\/\/bucht-der-traeumer.de\/en\/wp-json\/wp\/v2\/users\/259213376"}],"replies":[{"embeddable":true,"href":"https:\/\/bucht-der-traeumer.de\/en\/wp-json\/wp\/v2\/comments?post=1968"}],"version-history":[{"count":17,"href":"https:\/\/bucht-der-traeumer.de\/en\/wp-json\/wp\/v2\/pages\/1968\/revisions"}],"predecessor-version":[{"id":3417,"href":"https:\/\/bucht-der-traeumer.de\/en\/wp-json\/wp\/v2\/pages\/1968\/revisions\/3417"}],"wp:attachment":[{"href":"https:\/\/bucht-der-traeumer.de\/en\/wp-json\/wp\/v2\/media?parent=1968"}],"curies":[{"name":"wp","href":"https:\/\/api.w.org\/{rel}","templated":true}]}}