{"id":32,"date":"2024-12-17T15:20:53","date_gmt":"2024-12-17T14:20:53","guid":{"rendered":"https:\/\/bucht-der-traeumer.de\/?page_id=32"},"modified":"2026-04-30T11:56:10","modified_gmt":"2026-04-30T09:56:10","slug":"anfahrt","status":"publish","type":"page","link":"https:\/\/bucht-der-traeumer.de\/en\/anfahrt\/","title":{"rendered":"Arrival"},"content":{"rendered":"<div class=\"text-center eplus-wrapper wp-block-group has-global-padding is-layout-constrained wp-block-group-is-layout-constrained\">\n<h2 class=\"wp-block-heading eplus-wrapper\">All Aboard!<\/h2>\n\n\n\n<p class=\"eplus-wrapper wp-block-paragraph\">We ask all guests to arrive by public transport + bike if possible. Arrival is possible from Thursday at 12.00 noon. Departure must be by 12.00 noon on Tuesday at the latest.<\/p>\n\n\n\n<h2 class=\"eplus-wrapper wp-block-heading has-large-font-size\">Bassliner<\/h2>\n\n\n\n<p class=\"eplus-wrapper wp-block-paragraph translation-block\">Book your <a href=\"https:\/\/bassliner.org\/fahrten\/bucht-der-traumer-2026\" target=\"_self\">Bassliner ride<\/a> to the Bucht der Tr\u00e4umer* Festival 2026 now!<\/p>\n\n\n\n\n\n<h2 class=\"eplus-wrapper wp-block-heading has-large-font-size\">PUBLIC TRANSPORT<\/h2>\n\n\n\n<p class=\"eplus-wrapper wp-block-paragraph\">Wichtig f\u00fcr alle, die mit dem Zug anreisen wollten: Der <strong>RE1 von Berlin<\/strong> f\u00e4hrt vom 10. Juli bis 24. August <strong>nicht<\/strong> zwischen Berlin und F\u00fcrstenwalde &#8211; das hei\u00dft auch nicht bis Frankfurt (Oder). Alternativ k\u00f6nnt ihr den RE7 bis K\u00f6nigs Wusterhausen nehmen und von dort mit dem RB36 weiter bis zum Helensee fahren. Die Fahrt dauert etwa 1,5 Stunden. Rechnet vor allem Donnerstag und Freitag mit volleren Z\u00fcgen und etwas l\u00e4ngerer Anreisezeit!<\/p>\n\n\n\n\n\n<h2 class=\"eplus-wrapper wp-block-heading has-large-font-size\">BIKE<\/h2>\n\n\n\n<p class=\"eplus-wrapper wp-block-paragraph\"><a href=\"https:\/\/rueckenwind.berlin\/\" data-type=\"link\" data-id=\"https:\/\/rueckenwind.berlin\/\">R\u00fcckenwind e. V.<\/a> organisiert auch dieses Jahr wieder eine gemeinsame Fahrradtour von Berlin zum Helenesee. Dein Gep\u00e4ck kommt per Transporter an \u2013 ihr braucht nur ein Fahrrad und Lust auf rund 100\u202fkm Strecke \u2013Zustieg auch in Erkner oder F\u00fcrstenwalde m\u00f6glich! Sobald es weitere Informationen gibt, erfahrt ihr es hier.<\/p>\n\n\n\n\n\n<div class=\"eplus-wrapper wp-block-group has-large-font-size is-vertical is-content-justification-center is-layout-flex wp-container-core-group-is-layout-9c5f75d9 wp-block-group-is-layout-flex\">\n<h2 class=\"eplus-wrapper wp-block-heading has-large-font-size\">By car or camper<\/h2>\n<\/div>\n\n\n\n<p class=\"eplus-wrapper wp-block-paragraph translation-block\">Address for navigation:<br>Am Helenesee 2<br>15236 Frankfurt (Oder)<\/p>\n\n\n\n<p class=\"eplus-wrapper wp-block-paragraph\">Coming from Berlin, you can take the A10 or A12 to Frankfurt (Oder).<\/p>\n\n\n\n<p class=\"eplus-wrapper wp-block-paragraph\">On the A12, take exit 9-Frankfurt (Oder)-Mitte and turn right onto the B112 towards Eisenh\u00fcttenstadt. Follow the B112 for approx. 4.2 km and then take the exit towards Lossow\/Helene See\/Kieswerk Lossow. Take the third exit at the traffic circle and follow the road for approx. 2.3 km. Then follow the festival signs from the car check-in.<\/p>\n\n\n\n<p class=\"eplus-wrapper wp-block-paragraph\">Do you have space in your car or no car of your own? Then check out our Fakebook group or Telegram channel and find your ride to the Bay of Dreamers*:<\/p>\n\n\n\n<p class=\"eplus-wrapper wp-block-paragraph\"><a href=\"https:\/\/www.facebook.com\/groups\/1926760310897928\">Facebook<\/a><\/p>\n\n\n\n<p class=\"eplus-wrapper wp-block-paragraph\"><a href=\"https:\/\/t.me\/buchtdertraeumer\">Telegram<\/a><\/p>\n\n\n\n<figure class=\"eplus-wrapper wp-block-image size-full\"><img data-recalc-dims=\"1\" loading=\"lazy\" decoding=\"async\" width=\"965\" height=\"751\" data-attachment-id=\"520\" data-permalink=\"https:\/\/bucht-der-traeumer.de\/en\/anfahrt\/anfahrt-2\/\" data-orig-file=\"https:\/\/i0.wp.com\/bucht-der-traeumer.de\/wp-content\/uploads\/2024\/12\/anfahrt.png?fit=965%2C751&amp;ssl=1\" data-orig-size=\"965,751\" data-comments-opened=\"1\" data-image-meta=\"{&quot;aperture&quot;:&quot;0&quot;,&quot;credit&quot;:&quot;&quot;,&quot;camera&quot;:&quot;&quot;,&quot;caption&quot;:&quot;&quot;,&quot;created_timestamp&quot;:&quot;0&quot;,&quot;copyright&quot;:&quot;&quot;,&quot;focal_length&quot;:&quot;0&quot;,&quot;iso&quot;:&quot;0&quot;,&quot;shutter_speed&quot;:&quot;0&quot;,&quot;title&quot;:&quot;&quot;,&quot;orientation&quot;:&quot;0&quot;}\" data-image-title=\"anfahrt\" data-image-description=\"&lt;p&gt;anfahrt&lt;\/p&gt;\" data-image-caption=\"&lt;p&gt;anfahrt&lt;\/p&gt;\" data-large-file=\"https:\/\/i0.wp.com\/bucht-der-traeumer.de\/wp-content\/uploads\/2024\/12\/anfahrt.png?fit=965%2C751&amp;ssl=1\" src=\"https:\/\/i0.wp.com\/bucht-der-traeumer.de\/wp-content\/uploads\/2024\/12\/anfahrt.png?resize=965%2C751&#038;ssl=1\" alt=\"\" class=\"wp-image-520\" srcset=\"https:\/\/i0.wp.com\/bucht-der-traeumer.de\/wp-content\/uploads\/2024\/12\/anfahrt.png?w=965&amp;ssl=1 965w, https:\/\/i0.wp.com\/bucht-der-traeumer.de\/wp-content\/uploads\/2024\/12\/anfahrt.png?resize=300%2C233&amp;ssl=1 300w, https:\/\/i0.wp.com\/bucht-der-traeumer.de\/wp-content\/uploads\/2024\/12\/anfahrt.png?resize=768%2C598&amp;ssl=1 768w, https:\/\/i0.wp.com\/bucht-der-traeumer.de\/wp-content\/uploads\/2024\/12\/anfahrt.png?resize=15%2C12&amp;ssl=1 15w\" sizes=\"auto, (max-width: 965px) 100vw, 965px\" \/><\/figure>\n<\/div>","protected":false},"excerpt":{"rendered":"<p>Alle an board! Wir bitten alle G\u00e4ste, wenn m\u00f6glich, mit \u00f6ffentlichen Verkehrsmitteln + Fahrrad anzureisen. Die Anreise ist ab Donnerstag um 12.00 Uhr m\u00f6glich. Die Abreise muss sp\u00e4testens bis Dienstag um 12.00 erfolgt sein. Bassliner Bucht euch jetzt eure Bassliner-Fahrt zum Bucht der Tr\u00e4umer* Festival 2026! \u00d6FFIS Wichtig f\u00fcr alle, die mit dem Zug anreisen [&hellip;]<\/p>\n","protected":false},"author":259213374,"featured_media":0,"parent":0,"menu_order":0,"comment_status":"closed","ping_status":"closed","template":"","meta":{"_eb_attr":"","_crdt_document":"","editor_plus_copied_stylings":"{}","advanced_seo_description":"","jetpack_seo_html_title":"","jetpack_seo_noindex":false,"footnotes":""},"class_list":["post-32","page","type-page","status-publish","hentry"],"jetpack_likes_enabled":true,"jetpack_sharing_enabled":true,"jetpack_shortlink":"https:\/\/wp.me\/PgeXh0-w","jetpack-related-posts":[],"_links":{"self":[{"href":"https:\/\/bucht-der-traeumer.de\/en\/wp-json\/wp\/v2\/pages\/32","targetHints":{"allow":["GET"]}}],"collection":[{"href":"https:\/\/bucht-der-traeumer.de\/en\/wp-json\/wp\/v2\/pages"}],"about":[{"href":"https:\/\/bucht-der-traeumer.de\/en\/wp-json\/wp\/v2\/types\/page"}],"author":[{"embeddable":true,"href":"https:\/\/bucht-der-traeumer.de\/en\/wp-json\/wp\/v2\/users\/259213374"}],"replies":[{"embeddable":true,"href":"https:\/\/bucht-der-traeumer.de\/en\/wp-json\/wp\/v2\/comments?post=32"}],"version-history":[{"count":26,"href":"https:\/\/bucht-der-traeumer.de\/en\/wp-json\/wp\/v2\/pages\/32\/revisions"}],"predecessor-version":[{"id":4293,"href":"https:\/\/bucht-der-traeumer.de\/en\/wp-json\/wp\/v2\/pages\/32\/revisions\/4293"}],"wp:attachment":[{"href":"https:\/\/bucht-der-traeumer.de\/en\/wp-json\/wp\/v2\/media?parent=32"}],"curies":[{"name":"wp","href":"https:\/\/api.w.org\/{rel}","templated":true}]}}