{"id":43,"date":"2024-12-17T15:21:47","date_gmt":"2024-12-17T14:21:47","guid":{"rendered":"https:\/\/bucht-der-traeumer.de\/?page_id=43"},"modified":"2026-05-05T13:24:37","modified_gmt":"2026-05-05T11:24:37","slug":"nachhaltigkeit","status":"publish","type":"page","link":"https:\/\/bucht-der-traeumer.de\/en\/nachhaltigkeit\/","title":{"rendered":"Sustainability"},"content":{"rendered":"<div class=\"wp-block-group eplus-wrapper has-global-padding is-layout-constrained wp-block-group-is-layout-constrained\">\n<h2 class=\"wp-block-heading has-text-align-center eplus-wrapper\"><mark style=\"background-color:rgba(0, 0, 0, 0)\" class=\"has-inline-color has-accent-2-color\">Sustainability<\/mark><\/h2>\n\n\n\n<p class=\"has-text-align-center eplus-wrapper wp-block-paragraph\">The effects of climate change are clearly noticeable. In addition to acute emergencies in the Global South, the world is also changing even in our privileged circumstances.<\/p>\n<\/div>\n\n\n\n<p class=\"has-text-align-center eplus-wrapper wp-block-paragraph\">For this reason, as festival organizers, we are aware of our responsibility. Not only for the event itself, which takes place in such a beautiful corner of the earth, but also for the values we stand for and want to convey to the outside world. We are working hard to improve our procedures and processes, constantly question ourselves, and find sustainable alternatives. Because culture is essential to empower each other, foster community, and spark creativity. To reflect, but also to find a balance to everyday structures.&nbsp;<\/p>\n\n\n\n<p class=\"has-text-align-center eplus-wrapper wp-block-paragraph\">For years, we have been making our event more climate-friendly, one step at a time. This is why we have created an internal position dedicated exclusively to the sustainable development of the festival. In doing so, we want to send a clear message, critically question ourselves, and work on our adjusting screws. It is important to us to give you a transparent overview of what we are already doing, what our next steps are, and to honestly share our fuck-ups. You can find all the information in regular updates in our newsletter and on this page.<\/p>\n\n\n\n<div class=\"wp-block-essential-blocks-accordion  root-eb-accordion-tjwml\"><div class=\"eb-parent-wrapper eb-parent-eb-accordion-tjwml\"><div class=\"eb-accordion-container eb-accordion-tjwml\" data-accordion-type=\"accordion\" data-tab-icon=\"dashicons-plus-alt2\" data-expanded-icon=\"dashicons-minus\" data-transition-duration=\"500\"><div class=\"eb-accordion-inner\">\n<div class=\"wp-block-essential-blocks-accordion-item eb-accordion-item-jbbes eb-accordion-wrapper\" data-clickable=\"false\"><div class=\"eb-accordion-title-wrapper eb-accordion-title-wrapper-eb-accordion-tjwml\" tabindex=\"0\"><span class=\"eb-accordion-icon-wrapper eb-accordion-icon-wrapper-eb-accordion-tjwml\"><span class=\"dashicon dashicons dashicons-plus-alt2 eb-accordion-icon\"><\/span><\/span><div class=\"eb-accordion-title-content-wrap title-content-eb-accordion-tjwml\"><h3 class=\"eb-accordion-title\">Waste<\/h3><\/div><\/div><div class=\"eb-accordion-content-wrapper eb-accordion-content-wrapper-eb-accordion-tjwml\"><div class=\"eb-accordion-content\">\n<p class=\"eplus-wrapper wp-block-paragraph\"><strong>What we do:<\/strong>:<\/p>\n\n\n\n<div class=\"wp-block-group eplus-wrapper is-layout-flow wp-block-group-is-layout-flow\">\n<div class=\"wp-block-group eplus-wrapper has-global-padding is-layout-constrained wp-block-group-is-layout-constrained\">\n<p class=\"eplus-wrapper wp-block-paragraph\"><\/p>\n\n\n\n<ul class=\"wp-block-list eplus-wrapper\">\n<li class=\"eplus-wrapper\">Charge a deposit on rubbish<\/li>\n\n\n\n<li class=\"eplus-wrapper\">Recycle recyclable materials such as plastic and metal<\/li>\n\n\n\n<li class=\"eplus-wrapper\">Use reusable systems instead of disposable ones<\/li>\n\n\n\n<li class=\"eplus-wrapper\">Digital Ticketing<\/li>\n\n\n\n<li class=\"eplus-wrapper\">Minimize printed materials<\/li>\n\n\n\n<li class=\"eplus-wrapper\">No single-use plastic on the entire site<\/li>\n\n\n\n<li class=\"eplus-wrapper\">No distribution of bottles for forest and dance protection&nbsp;<\/li>\n\n\n\n<li class=\"eplus-wrapper\">Continuous expansion of fixed sorting stations <\/li>\n\n\n\n<li class=\"eplus-wrapper\">Zusammenarbeit mit <a href=\"https:\/\/www.refood.de\/\">ReFood<\/a>, um die Speiseresteentsorgung besser &amp; nachhaltiger zu gestalten<\/li>\n\n\n\n<li class=\"eplus-wrapper\">Monitoring and improvement of recyclable material flows<\/li>\n\n\n\n<li class=\"eplus-wrapper\">Strategically producing as little residual waste as possible<\/li>\n<\/ul>\n<\/div>\n<\/div>\n\n\n\n<p class=\"eplus-wrapper wp-block-paragraph\"><strong>Get involved!<\/strong><\/p>\n\n\n\n<div class=\"wp-block-group eplus-wrapper is-layout-flow wp-block-group-is-layout-flow\">\n<ul class=\"wp-block-list eplus-wrapper\">\n<li class=\"eplus-wrapper\">Don't produce any waste <\/li>\n\n\n\n<li class=\"eplus-wrapper\">Bring as little as possible to the festival<\/li>\n\n\n\n<li class=\"eplus-wrapper\">Only buy as much food and drink for the campsite as you can consume<\/li>\n\n\n\n<li class=\"eplus-wrapper\">Avoid disposable tableware<\/li>\n\n\n\n<li class=\"eplus-wrapper\">Bring a reusable bottle and fill it with water<\/li>\n\n\n\n<li class=\"eplus-wrapper\">Use rubbish bags and take them to the return stations at the end of the festival<\/li>\n\n\n\n<li class=\"eplus-wrapper\">Separate waste wherever possible<\/li>\n\n\n\n<li class=\"eplus-wrapper\">Separate plastic and metal (e.g. Tetra Pack, cans, foil, packaging) from residual waste&nbsp;<\/li>\n\n\n\n<li class=\"eplus-wrapper\">Respect the environment, do not throw cigarette butts or rubbish into nature<\/li>\n\n\n\n<li class=\"eplus-wrapper\">Use (pocket) ashtrays and rubbish bins<\/li>\n<\/ul>\n<\/div>\n<\/div><\/div><\/div>\n\n\n\n<div class=\"wp-block-essential-blocks-accordion-item eb-accordion-item-xfxnw eb-accordion-wrapper\" data-clickable=\"false\"><div class=\"eb-accordion-title-wrapper eb-accordion-title-wrapper-eb-accordion-tjwml\" tabindex=\"0\"><span class=\"eb-accordion-icon-wrapper eb-accordion-icon-wrapper-eb-accordion-tjwml\"><span class=\"dashicon dashicons dashicons-plus-alt2 eb-accordion-icon\"><\/span><\/span><div class=\"eb-accordion-title-content-wrap title-content-eb-accordion-tjwml\"><h3 class=\"eb-accordion-title\">Catering<\/h3><\/div><\/div><div class=\"eb-accordion-content-wrapper eb-accordion-content-wrapper-eb-accordion-tjwml\"><div class=\"eb-accordion-content\">\n<p class=\"eplus-wrapper wp-block-paragraph\">We make sure that alongside conventional food options, there is a diverse range of vegetarian and vegan choices. All food products are sourced as locally, seasonally, and fair trade as possible.&nbsp;<\/p>\n\n\n\n<p class=\"eplus-wrapper wp-block-paragraph\">We label the most climate-friendly option at each food truck to help you make climate-friendly choices<\/p>\n\n\n\n<p class=\"eplus-wrapper wp-block-paragraph\">Throughout the festival grounds, drinking water stations are available. They are clearly marked on the map and on-site with signage. Fill up your bottles.<\/p>\n\n\n\n<ul class=\"wp-block-list eplus-wrapper\">\n<li class=\"eplus-wrapper\"><\/li>\n<\/ul>\n<\/div><\/div><\/div>\n\n\n\n<div class=\"wp-block-essential-blocks-accordion-item eb-accordion-item-7e36t eb-accordion-wrapper\" data-clickable=\"false\"><div class=\"eb-accordion-title-wrapper eb-accordion-title-wrapper-eb-accordion-tjwml\" tabindex=\"0\"><span class=\"eb-accordion-icon-wrapper eb-accordion-icon-wrapper-eb-accordion-tjwml\"><span class=\"dashicon dashicons dashicons-plus-alt2 eb-accordion-icon\"><\/span><\/span><div class=\"eb-accordion-title-content-wrap title-content-eb-accordion-tjwml\"><h3 class=\"eb-accordion-title\">Energy<\/h3><\/div><\/div><div class=\"eb-accordion-content-wrapper eb-accordion-content-wrapper-eb-accordion-tjwml\"><div class=\"eb-accordion-content\">\n<p class=\"eplus-wrapper wp-block-paragraph\">Unfortunately, we are currently only able to power about 20% of our festival with grid electricity. The rest comes from diesel generators. We monitor our diesel consumption and include it in our climate footprint. Our long-term goal is to make our energy supply as fossil-free as possible.<\/p>\n<\/div><\/div><\/div>\n\n\n\n<div class=\"wp-block-essential-blocks-accordion-item eb-accordion-item-26c69 eb-accordion-wrapper\" data-clickable=\"false\"><div class=\"eb-accordion-title-wrapper eb-accordion-title-wrapper-eb-accordion-tjwml\" tabindex=\"0\"><span class=\"eb-accordion-icon-wrapper eb-accordion-icon-wrapper-eb-accordion-tjwml\"><span class=\"dashicon dashicons dashicons-plus-alt2 eb-accordion-icon\"><\/span><\/span><div class=\"eb-accordion-title-content-wrap title-content-eb-accordion-tjwml\"><h3 class=\"eb-accordion-title\">Logistics &amp; Resources<\/h3><\/div><\/div><div class=\"eb-accordion-content-wrapper eb-accordion-content-wrapper-eb-accordion-tjwml\"><div class=\"eb-accordion-content\">\n<p class=\"eplus-wrapper wp-block-paragraph\"><strong>What we do:<\/strong><\/p>\n\n\n\n<ul class=\"wp-block-list eplus-wrapper\">\n<li class=\"eplus-wrapper\"><\/li>\n<\/ul>\n\n\n\n<ul class=\"wp-block-list eplus-wrapper\">\n<li class=\"eplus-wrapper\">Logistics planning that is as efficient as possible<\/li>\n\n\n\n<li class=\"eplus-wrapper\">Carpooling with the crew team<\/li>\n\n\n\n<li class=\"eplus-wrapper\">Avoiding empty runs<\/li>\n\n\n\n<li class=\"eplus-wrapper\">Festival merchandise made from sustainably certified raw materials&nbsp;<\/li>\n\n\n\n<li class=\"eplus-wrapper\">Careful use of water&nbsp;<\/li>\n\n\n\n<li class=\"eplus-wrapper\">Use of permanently installed toilets on site<\/li>\n\n\n\n<li class=\"eplus-wrapper translation-block\">Collaboration with <a href=\"https:\/\/finizio.de\/\" data-type=\"link\" data-id=\"https:\/\/finizio.de\/\" target=\"_self\">Finizio<\/a>  (dry toilets) for an additional 13 stations, seven of which are additionally equipped with UniPees (unisex urinal cubicles)<\/li>\n\n\n\n<li class=\"eplus-wrapper translation-block\">Close cooperation with  <a href=\"https:\/\/missoir.de\/\" data-type=\"link\" data-id=\"https:\/\/missoir.de\/\" target=\"_self\">Missoir <\/a>(urinals for women*)\u00a0<\/li>\n\n\n\n<li class=\"eplus-wrapper\">Use of sustainable products, e.g. with Fairtrade, organic or Blauer Engel certification<\/li>\n<\/ul>\n\n\n\n<p class=\"eplus-wrapper wp-block-paragraph\"><strong>Get involved!&nbsp;<\/strong><\/p>\n\n\n\n<ul class=\"wp-block-list eplus-wrapper\">\n<li class=\"eplus-wrapper\">Be environmentally conscious<\/li>\n\n\n\n<li class=\"eplus-wrapper translation-block\">Use Finizio dry toilets, save water and contribute to quality-assured <a href=\"https:\/\/finizio.de\/recycling\/\" data-type=\"link\" data-id=\"https:\/\/finizio.de\/recycling\/\" target=\"_self\">fertiliser production<\/a><\/li>\n\n\n\n<li class=\"eplus-wrapper\">Avoid urinating in public \u2013 protect the soil, plants and animals<\/li>\n\n\n\n<li class=\"eplus-wrapper\">Save water and keep shower times short<\/li>\n\n\n\n<li class=\"eplus-wrapper\">Use biodegradable shower gel&nbsp;<\/li>\n\n\n\n<li class=\"eplus-wrapper\">Do not leave packaging behind<\/li>\n\n\n\n<li class=\"eplus-wrapper\">Use camping equipment long-term<\/li>\n\n\n\n<li class=\"eplus-wrapper\">Take all equipment home with you<\/li>\n\n\n\n<li class=\"eplus-wrapper\">Borrow camping equipment from friends<\/li>\n\n\n\n<li class=\"eplus-wrapper\">Keep your packing list as short as possible&nbsp;<\/li>\n<\/ul>\n<\/div><\/div><\/div>\n\n\n\n<div class=\"wp-block-essential-blocks-accordion-item eb-accordion-item-11s4s eb-accordion-wrapper\" data-clickable=\"false\"><div class=\"eb-accordion-title-wrapper eb-accordion-title-wrapper-eb-accordion-tjwml\" tabindex=\"0\"><span class=\"eb-accordion-icon-wrapper eb-accordion-icon-wrapper-eb-accordion-tjwml\"><span class=\"dashicon dashicons dashicons-plus-alt2 eb-accordion-icon\"><\/span><\/span><div class=\"eb-accordion-title-content-wrap title-content-eb-accordion-tjwml\"><h3 class=\"eb-accordion-title\">Mobility<\/h3><\/div><\/div><div class=\"eb-accordion-content-wrapper eb-accordion-content-wrapper-eb-accordion-tjwml\"><div class=\"eb-accordion-content\">\n<p class=\"eplus-wrapper wp-block-paragraph\">We kindly request that all visitors use public transport or bicycles to travel to the event, if possible. The following options are available:&nbsp;<\/p>\n\n\n\n<ul class=\"wp-block-list eplus-wrapper\">\n<li class=\"eplus-wrapper translation-block\">Book a <a href=\"https:\/\/bassliner.org\/fahrten\/bucht-der-traeumer-2025\" target=\"_self\">Bassliner<\/a><\/li>\n\n\n\n<li class=\"eplus-wrapper translation-block\">Take the Train very close to the Festival Site <a href=\"https:\/\/www.bahnhof.de\/helenesee\" target=\"_self\">Station Helenesee <\/a><\/li>\n\n\n\n<li class=\"eplus-wrapper translation-block\"><a href=\"https:\/\/rueckenwind.berlin\/\" target=\"_self\">R\u00fcckenwind e. V.<\/a> is once again organising a <a href=\"https:\/\/rueckenwind.berlin\/biketour-bdt-2025\/\" target=\"_self\">group bike tour from Berlin to Helenesee<\/a> this year<\/li>\n<\/ul>\n\n\n\n<p class=\"eplus-wrapper wp-block-paragraph translation-block\">In the long term, we would like to reduce car travel wherever possible, as travel is the biggest factor in the festival's carbon footprint. More information on travel can be found at <a href=\"https:\/\/bucht-der-traeumer.de\/en\/anfahrt\/\" target=\"_self\">https:\/\/bucht-der-traeumer.de\/anfahrt\/<\/a><\/p>\n<\/div><\/div><\/div>\n\n\n\n<div class=\"wp-block-essential-blocks-accordion-item eb-accordion-item-6zpde eb-accordion-wrapper\" data-clickable=\"false\"><div class=\"eb-accordion-title-wrapper eb-accordion-title-wrapper-eb-accordion-tjwml\" tabindex=\"0\"><span class=\"eb-accordion-icon-wrapper eb-accordion-icon-wrapper-eb-accordion-tjwml\"><span class=\"dashicon dashicons dashicons-plus-alt2 eb-accordion-icon\"><\/span><\/span><div class=\"eb-accordion-title-content-wrap title-content-eb-accordion-tjwml\"><h3 class=\"eb-accordion-title\">Feedback &amp; Ideas<\/h3><\/div><\/div><div class=\"eb-accordion-content-wrapper eb-accordion-content-wrapper-eb-accordion-tjwml\"><div class=\"eb-accordion-content\">\n<p class=\"eplus-wrapper wp-block-paragraph\">Would you like to contribute critically and constructively to the sustainable development of the festival? Please feel free to contact our sustainability coordinator: <\/p>\n\n\n\n<p class=\"eplus-wrapper wp-block-paragraph\"><\/p>\n\n\n\n<p class=\"eplus-wrapper wp-block-paragraph\"><a href=\"\/en\/Nachhaltigkeit@Bucht-der-Traeumer.de\/\">Nachhaltigkeit@Bucht-der-Traeumer.de<\/a><\/p>\n<\/div><\/div><\/div>\n<\/div><\/div><\/div><\/div>\n\n\n\n<p class=\"eplus-wrapper wp-block-paragraph\"><\/p>\n\n\n\n<ul class=\"wp-block-list eplus-wrapper\">\n<li class=\"eplus-wrapper\"><\/li>\n<\/ul>","protected":false},"excerpt":{"rendered":"<p>Nachhaltigkeit Die Auswirkungen des Klimawandels sind deutlich sp\u00fcrbar. Neben akuten Notst\u00e4nden im globalen S\u00fcden ver\u00e4ndert sich auch in unserer privilegierten Situation die Welt. Aus diesem Grund sind wir uns als Festivalveranstaltende unserer Verantwortung bewusst. Nicht nur mit unserer Veranstaltung selbst, welche an solch einem sch\u00f6nen Flecken unserer Erde stattfindet, sondern auch mit den Werten, f\u00fcr [&hellip;]<\/p>\n","protected":false},"author":259213374,"featured_media":0,"parent":0,"menu_order":0,"comment_status":"closed","ping_status":"closed","template":"","meta":{"_eb_attr":"","_crdt_document":"","editor_plus_copied_stylings":"{}","advanced_seo_description":"","jetpack_seo_html_title":"","jetpack_seo_noindex":false,"footnotes":""},"class_list":["post-43","page","type-page","status-publish","hentry"],"jetpack_likes_enabled":true,"jetpack_sharing_enabled":true,"jetpack_shortlink":"https:\/\/wp.me\/PgeXh0-H","jetpack-related-posts":[],"_links":{"self":[{"href":"https:\/\/bucht-der-traeumer.de\/en\/wp-json\/wp\/v2\/pages\/43","targetHints":{"allow":["GET"]}}],"collection":[{"href":"https:\/\/bucht-der-traeumer.de\/en\/wp-json\/wp\/v2\/pages"}],"about":[{"href":"https:\/\/bucht-der-traeumer.de\/en\/wp-json\/wp\/v2\/types\/page"}],"author":[{"embeddable":true,"href":"https:\/\/bucht-der-traeumer.de\/en\/wp-json\/wp\/v2\/users\/259213374"}],"replies":[{"embeddable":true,"href":"https:\/\/bucht-der-traeumer.de\/en\/wp-json\/wp\/v2\/comments?post=43"}],"version-history":[{"count":84,"href":"https:\/\/bucht-der-traeumer.de\/en\/wp-json\/wp\/v2\/pages\/43\/revisions"}],"predecessor-version":[{"id":4310,"href":"https:\/\/bucht-der-traeumer.de\/en\/wp-json\/wp\/v2\/pages\/43\/revisions\/4310"}],"wp:attachment":[{"href":"https:\/\/bucht-der-traeumer.de\/en\/wp-json\/wp\/v2\/media?parent=43"}],"curies":[{"name":"wp","href":"https:\/\/api.w.org\/{rel}","templated":true}]}}